{"id":671,"date":"2023-02-01T00:01:46","date_gmt":"2023-02-01T00:01:46","guid":{"rendered":"https:\/\/nossos.app\/?page_id=671"},"modified":"2024-03-27T00:55:40","modified_gmt":"2024-03-27T00:55:40","slug":"contato","status":"publish","type":"page","link":"https:\/\/helenalopes.com.br\/loja\/contato\/","title":{"rendered":"Fale com a"},"content":{"rendered":"\t\t<div data-elementor-type=\"wp-page\" data-elementor-id=\"671\" class=\"elementor elementor-671\">\n\t\t\t\t\t\t<section class=\"elementor-section elementor-top-section elementor-element elementor-element-7c18cbb elementor-section-full_width elementor-section-height-default elementor-section-height-default elementor-invisible\" data-id=\"7c18cbb\" data-element_type=\"section\" data-e-type=\"section\" data-settings=\"{&quot;animation&quot;:&quot;fadeIn&quot;}\">\n\t\t\t\t\t\t<div class=\"elementor-container elementor-column-gap-no\">\n\t\t\t\t\t<div class=\"elementor-column elementor-col-100 elementor-top-column elementor-element elementor-element-f39ee2e\" data-id=\"f39ee2e\" data-element_type=\"column\" data-e-type=\"column\">\n\t\t\t<div class=\"elementor-widget-wrap elementor-element-populated\">\n\t\t\t\t\t\t<div class=\"elementor-element elementor-element-682a67c elementor-widget elementor-widget-cms_google_map\" data-id=\"682a67c\" data-element_type=\"widget\" data-e-type=\"widget\" data-widget_type=\"cms_google_map.default\">\n\t\t\t\t<div class=\"elementor-widget-container\">\n\t\t\t\t\t<div class=\"cms-egmap cms-egmap-2 relative\">\n\t<iframe loading=\"lazy\"\n\t\tsrc=\"https:\/\/www.google.com\/maps\/embed?pb=!1m0!3m2!1sen!2sw!4v1587470181218!5m2!1sen!2sw\"\n\t\ttitle=\"0.0\"\n\t\taria-label=\"0.0\"\n\t><\/iframe>\n\t<div class=\"overlay-box bg-white cms-radius-10 cms-shadow-1 p-40 p-lr-smobile-20\">\n\t\t<div class=\"cms-title cms-heading font-700 text-23 empty-none mt-n7\">naPp a sua plataforma jur\u00eddica.<\/div>\n\t\t<a class=\"cms-address d-block text-15 text-body pb-15\" href=\"https:\/\/www.google.com\/maps\/embed?pb=!1m0!3m2!1sen!2sw!4v1587470181218!5m2!1sen!2sw\" target=\"_blank\">Descubra como nosso software para advogados v\u00e3o mudar o seu dia a dia.<\/a>\n\t\t<a class=\"cms-email text-19 font-500 cms-heading text-heading d-flex gap-20 align-items-center no-wrap text-ellipsis pb-10\" href=\"mailto:contato@nossos.app.br\" target=\"_blank\"><span class=\"cms-icon cmsi-email text-16\"><\/span>contato@nossos.app.br<\/a>\n\t\t<a class=\"cms-phone text-19 font-500 cms-heading text-heading d-flex gap-20 align-items-center no-wrap text-ellipsis pb-25\" href=\"tel:+55(31)971254343\" target=\"_blank\"><span class=\"cms-icon cmsi-phone-alt text-16\"><\/span>+55 (31) 971254343<\/a>\n\t\t<a class=\"btn btn-lg btn-secondary btn-hover-primary\" href=\"https:\/\/helenalopes.com.br\/loja\/aplicativos\/\">\n\t\t\tConhe\u00e7a nossos aplicativos\t\t\t<i class=\"cmsi-arrow-circle-right text-26 rtl-flip\"><\/i>\n\t\t<\/a>\n\t<\/div>\n<\/div>\t\t\t\t<\/div>\n\t\t\t\t<\/div>\n\t\t\t\t\t<\/div>\n\t\t<\/div>\n\t\t\t\t\t<\/div>\n\t\t<\/section>\n\t\t\t\t<section class=\"elementor-section elementor-top-section elementor-element elementor-element-54cafdd pt-105 pt-tablet-40 pb-5 elementor-section-boxed elementor-section-height-default elementor-section-height-default\" data-id=\"54cafdd\" data-element_type=\"section\" data-e-type=\"section\">\n\t\t\t\t\t\t<div class=\"elementor-container elementor-column-gap-default\">\n\t\t\t\t\t<div class=\"elementor-column elementor-col-100 elementor-top-column elementor-element elementor-element-0d852d1 elementor-invisible\" data-id=\"0d852d1\" data-element_type=\"column\" data-e-type=\"column\" data-settings=\"{&quot;animation&quot;:&quot;fadeInUp&quot;}\">\n\t\t\t<div class=\"elementor-widget-wrap elementor-element-populated\">\n\t\t\t\t\t\t<div class=\"elementor-element elementor-element-00c056b elementor-widget elementor-widget-cms_heading\" data-id=\"00c056b\" data-element_type=\"widget\" data-e-type=\"widget\" data-widget_type=\"cms_heading.default\">\n\t\t\t\t<div class=\"elementor-widget-container\">\n\t\t\t\t\t\n<div class=\"cms-eheading cms-eheading-1 text-start\">\n    <div class=\"cms-smallheading empty-none font-700 text-16 pb-10 text-accent\">\n        D\u00favidas ou sugest\u00f5es? n\u00e3o hesite em falar com nossa equipe.    <\/div>\n    \t<h1 class=\"cms-heading empty-none text-\">Preencha o formul\u00e1rio abaixo<\/h1>\n<\/div>\t\t\t\t<\/div>\n\t\t\t\t<\/div>\n\t\t\t\t\t<\/div>\n\t\t<\/div>\n\t\t\t\t\t<\/div>\n\t\t<\/section>\n\t\t\t\t<section class=\"elementor-section elementor-top-section elementor-element elementor-element-5b5ffb5 pb-90 pb-tablet-40 elementor-section-boxed elementor-section-height-default elementor-section-height-default\" data-id=\"5b5ffb5\" data-element_type=\"section\" data-e-type=\"section\">\n\t\t\t\t\t\t<div class=\"elementor-container elementor-column-gap-default\">\n\t\t\t\t\t<div class=\"elementor-column elementor-col-33 elementor-top-column elementor-element elementor-element-72f3bc4 pr-60 pr-tablet-extra-0 elementor-invisible\" data-id=\"72f3bc4\" data-element_type=\"column\" data-e-type=\"column\" data-settings=\"{&quot;animation&quot;:&quot;fadeInLeft&quot;}\">\n\t\t\t<div class=\"elementor-widget-wrap elementor-element-populated\">\n\t\t\t\t\t\t<div class=\"elementor-element elementor-element-e463d99 elementor-widget elementor-widget-cms_heading\" data-id=\"e463d99\" data-element_type=\"widget\" data-e-type=\"widget\" data-widget_type=\"cms_heading.default\">\n\t\t\t\t<div class=\"elementor-widget-container\">\n\t\t\t\t\t<div class=\"cms-eheading cms-eheading-13 text-start\">\n\t<div class=\"cms-desc text-17 empty-none text-body\">Se voc\u00ea tem d\u00favidas, sugest\u00f5es ou precisa de mais informa\u00e7\u00f5es, estamos aqui para ajudar. Preencha o formul\u00e1rio de contato abaixo e nossa equipe entrar\u00e1 em contato o mais breve poss\u00edvel. <br \/>\n<br \/>\nValorizamos cada mensagem e estamos comprometidos em fornecer o suporte e as informa\u00e7\u00f5es que voc\u00ea precisa. Seja para esclarecer d\u00favidas, receber feedback ou discutir como podemos atender melhor \u00e0s suas necessidades, sua voz \u00e9 importante para n\u00f3s.<\/div>\n\t<\/div>\t\t\t\t<\/div>\n\t\t\t\t<\/div>\n\t\t\t\t\t<\/div>\n\t\t<\/div>\n\t\t\t\t<div class=\"elementor-column elementor-col-66 elementor-top-column elementor-element elementor-element-e077cee elementor-invisible\" data-id=\"e077cee\" data-element_type=\"column\" data-e-type=\"column\" data-settings=\"{&quot;animation&quot;:&quot;fadeInRight&quot;}\">\n\t\t\t<div class=\"elementor-widget-wrap\">\n\t\t\t\t\t\t\t<\/div>\n\t\t<\/div>\n\t\t\t\t\t<\/div>\n\t\t<\/section>\n\t\t\t\t<section class=\"elementor-section elementor-top-section elementor-element elementor-element-5e15ae6a bg-light-grey5 elementor-section-boxed elementor-section-height-default elementor-section-height-default elementor-invisible\" data-id=\"5e15ae6a\" data-element_type=\"section\" data-e-type=\"section\" data-settings=\"{&quot;background_background&quot;:&quot;classic&quot;,&quot;animation&quot;:&quot;fadeInUp&quot;}\">\n\t\t\t\t\t\t<div class=\"elementor-container elementor-column-gap-default\">\n\t\t\t\t\t<div class=\"elementor-column elementor-col-100 elementor-top-column elementor-element elementor-element-1fd189be\" data-id=\"1fd189be\" data-element_type=\"column\" data-e-type=\"column\">\n\t\t\t<div class=\"elementor-widget-wrap elementor-element-populated\">\n\t\t\t\t\t\t<div class=\"elementor-element elementor-element-6c2d81ef elementor-widget elementor-widget-spacer\" data-id=\"6c2d81ef\" data-element_type=\"widget\" data-e-type=\"widget\" data-widget_type=\"spacer.default\">\n\t\t\t\t<div class=\"elementor-widget-container\">\n\t\t\t\t\t\t\t<div class=\"elementor-spacer\">\n\t\t\t<div class=\"elementor-spacer-inner\"><\/div>\n\t\t<\/div>\n\t\t\t\t\t\t<\/div>\n\t\t\t\t<\/div>\n\t\t\t\t\t<\/div>\n\t\t<\/div>\n\t\t\t\t\t<\/div>\n\t\t<\/section>\n\t\t\t\t<section class=\"elementor-section elementor-top-section elementor-element elementor-element-4f64516c elementor-section-boxed elementor-section-height-default elementor-section-height-default\" data-id=\"4f64516c\" data-element_type=\"section\" data-e-type=\"section\">\n\t\t\t\t\t\t<div class=\"elementor-container elementor-column-gap-default\">\n\t\t\t\t\t<div class=\"elementor-column elementor-col-100 elementor-top-column elementor-element elementor-element-50d698f7\" data-id=\"50d698f7\" data-element_type=\"column\" data-e-type=\"column\">\n\t\t\t<div class=\"elementor-widget-wrap elementor-element-populated\">\n\t\t\t\t\t\t<div class=\"elementor-element elementor-element-1730513b elementor-widget__width-initial elementor-hidden-mobile_extra elementor-hidden-mobile elementor-invisible elementor-widget elementor-widget-cms_heading\" data-id=\"1730513b\" data-element_type=\"widget\" data-e-type=\"widget\" data-settings=\"{&quot;_animation&quot;:&quot;fadeInUp&quot;}\" data-widget_type=\"cms_heading.default\">\n\t\t\t\t<div class=\"elementor-widget-container\">\n\t\t\t\t\t\n<div class=\"cms-eheading cms-eheading-1 text-center\">\n    <div class=\"cms-smallheading empty-none font-700 text-16 pb-10 text-accent\">\n        <span style=\"background-color: #0000005c;padding: .5rem;border-radius:1rem;\">Descubra Nossa Poderosa Plataforma Jur\u00eddica<\/span>    <\/div>\n    \t<h2 class=\"cms-heading empty-none text-white\"><span style=\"background-color: #0000005c;padding: .5rem;border-radius:1rem;\">Otimize sua Gest\u00e3o Jur\u00eddica com Nossa Plataforma Eficiente.<\/span><\/h2>\n<\/div>\t\t\t\t<\/div>\n\t\t\t\t<\/div>\n\t\t\t\t<div class=\"elementor-element elementor-element-24e3dc2f elementor-widget__width-initial elementor-hidden-desktop elementor-hidden-laptop elementor-hidden-tablet_extra elementor-hidden-tablet elementor-invisible elementor-widget elementor-widget-cms_heading\" data-id=\"24e3dc2f\" data-element_type=\"widget\" data-e-type=\"widget\" data-settings=\"{&quot;_animation&quot;:&quot;fadeInUp&quot;}\" data-widget_type=\"cms_heading.default\">\n\t\t\t\t<div class=\"elementor-widget-container\">\n\t\t\t\t\t\n<div class=\"cms-eheading cms-eheading-1 text-center\">\n    <div class=\"cms-smallheading empty-none font-700 text-16 pb-10 text-accent\">\n            <\/div>\n    \t<h2 class=\"cms-heading empty-none text-white\"><span style=\"background-color: #0000005c;padding: .5rem;border-radius:1rem;\">Aplicativos Jur\u00eddicos<\/span><\/h2>\n<\/div>\t\t\t\t<\/div>\n\t\t\t\t<\/div>\n\t\t\t\t<div class=\"elementor-element elementor-element-3f293994 mt-45 cms-carousel-item-shadow-no elementor-invisible elementor-widget elementor-widget-cms_service_carousel\" data-id=\"3f293994\" data-element_type=\"widget\" data-e-type=\"widget\" data-settings=\"{&quot;_animation&quot;:&quot;fadeInUp&quot;,&quot;slides_to_show_tablet_extra&quot;:&quot;2&quot;,&quot;slides_to_scroll_tablet_extra&quot;:&quot;2&quot;,&quot;lazyload&quot;:&quot;yes&quot;,&quot;space_between&quot;:{&quot;unit&quot;:&quot;px&quot;,&quot;size&quot;:40,&quot;sizes&quot;:[]},&quot;space_between_laptop&quot;:{&quot;unit&quot;:&quot;px&quot;,&quot;size&quot;:&quot;&quot;,&quot;sizes&quot;:[]},&quot;space_between_tablet_extra&quot;:{&quot;unit&quot;:&quot;px&quot;,&quot;size&quot;:&quot;&quot;,&quot;sizes&quot;:[]},&quot;space_between_tablet&quot;:{&quot;unit&quot;:&quot;px&quot;,&quot;size&quot;:&quot;&quot;,&quot;sizes&quot;:[]},&quot;space_between_mobile_extra&quot;:{&quot;unit&quot;:&quot;px&quot;,&quot;size&quot;:&quot;&quot;,&quot;sizes&quot;:[]},&quot;space_between_mobile&quot;:{&quot;unit&quot;:&quot;px&quot;,&quot;size&quot;:&quot;&quot;,&quot;sizes&quot;:[]},&quot;dots&quot;:&quot;yes&quot;,&quot;autoplay&quot;:&quot;yes&quot;,&quot;pause_on_hover&quot;:&quot;yes&quot;,&quot;pause_on_interaction&quot;:&quot;yes&quot;,&quot;autoplay_speed&quot;:5000,&quot;infinite&quot;:&quot;yes&quot;,&quot;speed&quot;:500}\" data-widget_type=\"cms_service_carousel.default\">\n\t\t\t\t<div class=\"elementor-widget-container\">\n\t\t\t\t\t<div id=\"cms_service_carousel-3f293994\" class=\"cms-post-carousel cms-grid cms-service-grid cms-grid-2\">\n    <div class=\"cms-carousel swiper\">\n        <div class=\"swiper-wrapper\">\n                        <div class=\"cms-item cms-swiper-item swiper-slide item-1\">\n                                    <div class=\"cms--item cms-gradient-primary-lighten-bt cms-gradient-hover-secondary-bt\">\t\t\t\t\t\t\n\t\t\t\t\t                        <div class=\" relative z-top bg-white cms-shadow-1 cms-hover-shadow-2 cms-radius-10 p-40 p-lr-smobile-20 mr-40 mr-smobile-20 cms-transition\">\n                                                        <h4 class=\"cms-heading text-22 font-500 pb-15 text-hover-secondary\">Movimenta\u00e7\u00e3o Processual<\/h4>\n                            <div class=\"cms-excerpt text-line-4 text-15\">Nosso Aplicativo de simplifica o acompanhamento dos movimentos processuais. Mantenha-se atualizado com todas as etapas do processo<\/div>\n                                                        <a origem=\"naPp\" href=\"https:\/\/helenalopes.com.br\/loja\/aplicativos\/movimentacao-processual\/\" class=\"btn btn-outline btn-hover-secondary mt-20\">\n                                Saiba Mais                                <i class=\"cmsi-arrow-circle-right text-26 rtl-flip\"><\/i>\n                            <\/a>\n                        <\/div>\n                    <\/div>\n                            <\/div>\n                    <div class=\"cms-item cms-swiper-item swiper-slide item-2\">\n                                    <div class=\"cms--item cms-gradient-primary-lighten-bt cms-gradient-hover-secondary-bt\">\t\t\t\t\t\t\n\t\t\t\t\t                        <div class=\" relative z-top bg-white cms-shadow-1 cms-hover-shadow-2 cms-radius-10 p-40 p-lr-smobile-20 mr-40 mr-smobile-20 cms-transition\">\n                                                        <h4 class=\"cms-heading text-22 font-500 pb-15 text-hover-secondary\">Notifica\u00e7\u00f5es<\/h4>\n                            <div class=\"cms-excerpt text-line-4 text-15\">Receba atualiza\u00e7\u00f5es em tempo real sobre as movimenta\u00e7\u00f5es processuais, prazos e outras informa\u00e7\u00f5es relevantes, mantendo-se sempre informado.<\/div>\n                                                        <a origem=\"naPp\" href=\"https:\/\/helenalopes.com.br\/loja\/aplicativos\/notificacoes\/\" class=\"btn btn-outline btn-hover-secondary mt-20\">\n                                Saiba Mais                                <i class=\"cmsi-arrow-circle-right text-26 rtl-flip\"><\/i>\n                            <\/a>\n                        <\/div>\n                    <\/div>\n                            <\/div>\n                    <div class=\"cms-item cms-swiper-item swiper-slide item-3\">\n                                    <div class=\"cms--item cms-gradient-primary-lighten-bt cms-gradient-hover-secondary-bt\">\t\t\t\t\t\t\n\t\t\t\t\t                        <div class=\" relative z-top bg-white cms-shadow-1 cms-hover-shadow-2 cms-radius-10 p-40 p-lr-smobile-20 mr-40 mr-smobile-20 cms-transition\">\n                                                        <h4 class=\"cms-heading text-22 font-500 pb-15 text-hover-secondary\">Gest\u00e3o de Clientes<\/h4>\n                            <div class=\"cms-excerpt text-line-4 text-15\">Conhe\u00e7a seus clientes como nunca antes. Nossa plataforma de gest\u00e3o de clientes permite que voc\u00ea mantenha registros detalhados, acompanhe as intera\u00e7\u00f5es e forne\u00e7a um atendimento personalizado. Fortale\u00e7a seus relacionamentos e<\/div>\n                                                        <a origem=\"naPp\" href=\"https:\/\/helenalopes.com.br\/loja\/aplicativos\/gestao-de-clientes\/\" class=\"btn btn-outline btn-hover-secondary mt-20\">\n                                Saiba Mais                                <i class=\"cmsi-arrow-circle-right text-26 rtl-flip\"><\/i>\n                            <\/a>\n                        <\/div>\n                    <\/div>\n                            <\/div>\n                    <div class=\"cms-item cms-swiper-item swiper-slide item-4\">\n                                    <div class=\"cms--item cms-gradient-primary-lighten-bt cms-gradient-hover-secondary-bt\">\t\t\t\t\t\t\n\t\t\t\t\t                        <div class=\" relative z-top bg-white cms-shadow-1 cms-hover-shadow-2 cms-radius-10 p-40 p-lr-smobile-20 mr-40 mr-smobile-20 cms-transition\">\n                                                        <h4 class=\"cms-heading text-22 font-500 pb-15 text-hover-secondary\">Gest\u00e3o de Contratos<\/h4>\n                            <div class=\"cms-excerpt text-line-4 text-15\">Simplifique a gest\u00e3o de contratos com nossa solu\u00e7\u00e3o. Nosso sistema de gest\u00e3o de contratos torna todo o processo mais eficiente e seguro. Mantenha-se no controle..<\/div>\n                                                        <a origem=\"naPp\" href=\"https:\/\/helenalopes.com.br\/loja\/aplicativos\/gestao-de-contratos\/\" class=\"btn btn-outline btn-hover-secondary mt-20\">\n                                Saiba Mais                                <i class=\"cmsi-arrow-circle-right text-26 rtl-flip\"><\/i>\n                            <\/a>\n                        <\/div>\n                    <\/div>\n                            <\/div>\n                    <div class=\"cms-item cms-swiper-item swiper-slide item-5\">\n                                    <div class=\"cms--item cms-gradient-primary-lighten-bt cms-gradient-hover-secondary-bt\">\t\t\t\t\t\t\n\t\t\t\t\t                        <div class=\" relative z-top bg-white cms-shadow-1 cms-hover-shadow-2 cms-radius-10 p-40 p-lr-smobile-20 mr-40 mr-smobile-20 cms-transition\">\n                                                        <h4 class=\"cms-heading text-22 font-500 pb-15 text-hover-secondary\">Gest\u00e3o de Colaboradores<\/h4>\n                            <div class=\"cms-excerpt text-line-4 text-15\">Maximize a efici\u00eancia da sua equipe com nossa solu\u00e7\u00e3o de gest\u00e3o de colaboradores. Promova uma colabora\u00e7\u00e3o eficaz. Mantenha todos na mesma sincronia e alcance resultados excepcionais.<\/div>\n                                                        <a origem=\"naPp\" href=\"https:\/\/helenalopes.com.br\/loja\/aplicativos\/gestao-de-colaboradores\/\" class=\"btn btn-outline btn-hover-secondary mt-20\">\n                                Saiba Mais                                <i class=\"cmsi-arrow-circle-right text-26 rtl-flip\"><\/i>\n                            <\/a>\n                        <\/div>\n                    <\/div>\n                            <\/div>\n                    <div class=\"cms-item cms-swiper-item swiper-slide item-6\">\n                                    <div class=\"cms--item cms-gradient-primary-lighten-bt cms-gradient-hover-secondary-bt\">\t\t\t\t\t\t\n\t\t\t\t\t                        <div class=\" relative z-top bg-white cms-shadow-1 cms-hover-shadow-2 cms-radius-10 p-40 p-lr-smobile-20 mr-40 mr-smobile-20 cms-transition\">\n                                                        <h4 class=\"cms-heading text-22 font-500 pb-15 text-hover-secondary\">Disco Virtual<\/h4>\n                            <div class=\"cms-excerpt text-line-4 text-15\">Descubra nosso aplicativo de disco virtual, oferecendo compartilhamento f\u00e1cil de arquivos e colabora\u00e7\u00e3o eficiente entre equipes e advogados.<\/div>\n                                                        <a origem=\"naPp\" href=\"https:\/\/helenalopes.com.br\/loja\/aplicativos\/disco-virtual\/\" class=\"btn btn-outline btn-hover-secondary mt-20\">\n                                Saiba Mais                                <i class=\"cmsi-arrow-circle-right text-26 rtl-flip\"><\/i>\n                            <\/a>\n                        <\/div>\n                    <\/div>\n                            <\/div>\n                    <div class=\"cms-item cms-swiper-item swiper-slide item-7\">\n                                    <div class=\"cms--item cms-gradient-primary-lighten-bt cms-gradient-hover-secondary-bt\">\t\t\t\t\t\t\n\t\t\t\t\t                        <div class=\" relative z-top bg-white cms-shadow-1 cms-hover-shadow-2 cms-radius-10 p-40 p-lr-smobile-20 mr-40 mr-smobile-20 cms-transition\">\n                                                        <h4 class=\"cms-heading text-22 font-500 pb-15 text-hover-secondary\">Agenda Digital<\/h4>\n                            <div class=\"cms-excerpt text-line-4 text-15\">Projetado para simplificar o seu dia a dia. Com lembretes personalizados e compartilhamento entre equipe, Compat\u00edvel com Celular e Computador<\/div>\n                                                        <a origem=\"naPp\" href=\"https:\/\/helenalopes.com.br\/loja\/aplicativos\/agenda-digital\/\" class=\"btn btn-outline btn-hover-secondary mt-20\">\n                                Saiba Mais                                <i class=\"cmsi-arrow-circle-right text-26 rtl-flip\"><\/i>\n                            <\/a>\n                        <\/div>\n                    <\/div>\n                            <\/div>\n                    <div class=\"cms-item cms-swiper-item swiper-slide item-8\">\n                                    <div class=\"cms--item cms-gradient-primary-lighten-bt cms-gradient-hover-secondary-bt\">\t\t\t\t\t\t\n\t\t\t\t\t                        <div class=\" relative z-top bg-white cms-shadow-1 cms-hover-shadow-2 cms-radius-10 p-40 p-lr-smobile-20 mr-40 mr-smobile-20 cms-transition\">\n                                                        <h4 class=\"cms-heading text-22 font-500 pb-15 text-hover-secondary\">Dilig\u00eancias<\/h4>\n                            <div class=\"cms-excerpt text-line-4 text-15\">Transforme a gest\u00e3o de dilig\u00eancias jur\u00eddicas com o naPp, uma ferramenta essencial para advogados que buscam efici\u00eancia e organiza\u00e7\u00e3o. Descubra como simplificar seu dia a dia jur\u00eddico.<\/div>\n                                                        <a origem=\"naPp\" href=\"https:\/\/helenalopes.com.br\/loja\/aplicativos\/diligencias\/\" class=\"btn btn-outline btn-hover-secondary mt-20\">\n                                Saiba Mais                                <i class=\"cmsi-arrow-circle-right text-26 rtl-flip\"><\/i>\n                            <\/a>\n                        <\/div>\n                    <\/div>\n                            <\/div>\n                <\/div>\n    <\/div>\n                <div class=\"cms-carousel-dots cms-carousel-dots-out justify-content-tablet-center\"><\/div>\n    <\/div>\t\t\t\t<\/div>\n\t\t\t\t<\/div>\n\t\t\t\t\t<\/div>\n\t\t<\/div>\n\t\t\t\t\t<\/div>\n\t\t<\/section>\n\t\t\t\t<\/div>\n\t\t","protected":false},"excerpt":{"rendered":"<p>naPp a sua plataforma jur\u00eddica. Descubra como nosso software para advogados v\u00e3o mudar o seu dia a dia. contato@nossos.app.br +55 (31) 971254343 Conhe\u00e7a nossos aplicativos D\u00favidas ou sugest\u00f5es? n\u00e3o hesite em falar com nossa equipe. Preencha o formul\u00e1rio abaixo Se voc\u00ea tem d\u00favidas, sugest\u00f5es ou precisa de mais informa\u00e7\u00f5es, estamos aqui para ajudar. Preencha o [&hellip;]<\/p>\n","protected":false},"author":1,"featured_media":0,"parent":0,"menu_order":0,"comment_status":"closed","ping_status":"closed","template":"","meta":{"footnotes":""},"class_list":["post-671","page","type-page","status-publish","hentry"],"_links":{"self":[{"href":"https:\/\/helenalopes.com.br\/loja\/wp-json\/wp\/v2\/pages\/671","targetHints":{"allow":["GET"]}}],"collection":[{"href":"https:\/\/helenalopes.com.br\/loja\/wp-json\/wp\/v2\/pages"}],"about":[{"href":"https:\/\/helenalopes.com.br\/loja\/wp-json\/wp\/v2\/types\/page"}],"author":[{"embeddable":true,"href":"https:\/\/helenalopes.com.br\/loja\/wp-json\/wp\/v2\/users\/1"}],"replies":[{"embeddable":true,"href":"https:\/\/helenalopes.com.br\/loja\/wp-json\/wp\/v2\/comments?post=671"}],"version-history":[{"count":17,"href":"https:\/\/helenalopes.com.br\/loja\/wp-json\/wp\/v2\/pages\/671\/revisions"}],"predecessor-version":[{"id":4910,"href":"https:\/\/helenalopes.com.br\/loja\/wp-json\/wp\/v2\/pages\/671\/revisions\/4910"}],"wp:attachment":[{"href":"https:\/\/helenalopes.com.br\/loja\/wp-json\/wp\/v2\/media?parent=671"}],"curies":[{"name":"wp","href":"https:\/\/api.w.org\/{rel}","templated":true}]}}